{"id":1900,"date":"2024-02-22T14:30:05","date_gmt":"2024-02-22T14:30:05","guid":{"rendered":"https:\/\/digitp.ca\/nous-contacter\/"},"modified":"2024-08-21T14:28:06","modified_gmt":"2024-08-21T14:28:06","slug":"contact-us","status":"publish","type":"page","link":"https:\/\/digitp.ca\/fr\/contact-us\/","title":{"rendered":"Nous contacter"},"content":{"rendered":"\t\t<div data-elementor-type=\"wp-page\" data-elementor-id=\"1900\" class=\"elementor elementor-1900 elementor-927\" data-elementor-post-type=\"page\">\n\t\t\t\t<div class=\"elementor-element elementor-element-8192639 e-flex e-con-boxed e-con e-parent\" data-id=\"8192639\" data-element_type=\"container\" data-e-type=\"container\" id=\"contact\" data-settings=\"{&quot;background_background&quot;:&quot;gradient&quot;}\">\n\t\t\t\t\t<div class=\"e-con-inner\">\n\t\t<div class=\"elementor-element elementor-element-87067a8 e-con-full e-flex e-con e-child\" data-id=\"87067a8\" data-element_type=\"container\" data-e-type=\"container\">\n\t\t\t\t<div class=\"elementor-element elementor-element-c32593a elementor-widget__width-initial elementor-widget-tablet__width-initial elementor-widget elementor-widget-heading\" data-id=\"c32593a\" data-element_type=\"widget\" data-e-type=\"widget\" data-widget_type=\"heading.default\">\n\t\t\t\t<div class=\"elementor-widget-container\">\n\t\t\t\t\t<h3 class=\"elementor-heading-title elementor-size-default\">Contactez-nous pour d\u00e9marrer<\/h3>\t\t\t\t<\/div>\n\t\t\t\t<\/div>\n\t\t\t\t<div class=\"elementor-element elementor-element-f1bae5d elementor-widget__width-initial elementor-widget elementor-widget-text-editor\" data-id=\"f1bae5d\" data-element_type=\"widget\" data-e-type=\"widget\" data-widget_type=\"text-editor.default\">\n\t\t\t\t<div class=\"elementor-widget-container\">\n\t\t\t\t\t\t\t\t\t<p>Prenez des mesures et inscrivez-vous \u00e0 nos programmes d\u00e8s aujourd\u2019hui pour favoriser vos r\u00e9alisations dans votre carri\u00e8re!<\/p>\n\t\t\t\t\t\t\t\t<\/div>\n\t\t\t\t<\/div>\n\t\t\t\t<div class=\"elementor-element elementor-element-a4cc192 elementor-button-align-stretch elementor-widget elementor-widget-form\" data-id=\"a4cc192\" data-element_type=\"widget\" data-e-type=\"widget\" data-settings=\"{&quot;step_next_label&quot;:&quot;Suivant&quot;,&quot;step_previous_label&quot;:&quot;Pr\\u00e9c\\u00e9dent&quot;,&quot;button_width&quot;:&quot;100&quot;,&quot;step_type&quot;:&quot;number_text&quot;,&quot;step_icon_shape&quot;:&quot;circle&quot;}\" data-widget_type=\"form.default\">\n\t\t\t\t<div class=\"elementor-widget-container\">\n\t\t\t\t\t\t\t<form class=\"elementor-form\" method=\"post\" name=\"Nous contacter\" aria-label=\"Nous contacter\">\n\t\t\t<input type=\"hidden\" name=\"post_id\" value=\"1900\"\/>\n\t\t\t<input type=\"hidden\" name=\"form_id\" value=\"a4cc192\"\/>\n\t\t\t<input type=\"hidden\" name=\"referer_title\" value=\"Nous contacter - Digital Transformation Program\" \/>\n\n\t\t\t\t\t\t\t<input type=\"hidden\" name=\"queried_id\" value=\"1900\"\/>\n\t\t\t\n\t\t\t<div class=\"elementor-form-fields-wrapper elementor-labels-above\">\n\t\t\t\t\t\t\t\t<div class=\"elementor-field-type-text elementor-field-group elementor-column elementor-field-group-name elementor-col-60\">\n\t\t\t\t\t\t\t\t\t\t\t\t\t<input size=\"1\" type=\"text\" name=\"form_fields[name]\" id=\"form-field-name\" class=\"elementor-field elementor-size-md  elementor-field-textual\" placeholder=\"Entrez le nom*\">\n\t\t\t\t\t\t\t\t\t\t\t<\/div>\n\t\t\t\t\t\t\t\t<div class=\"elementor-field-type-tel elementor-field-group elementor-column elementor-field-group-field_0e55c63 elementor-col-40 elementor-field-required\">\n\t\t\t\t\t\t\t<input size=\"1\" type=\"tel\" name=\"form_fields[field_0e55c63]\" id=\"form-field-field_0e55c63\" class=\"elementor-field elementor-size-md  elementor-field-textual\" placeholder=\"Entrez le num\u00e9ro de t\u00e9l\u00e9phone*\" required=\"required\" pattern=\"[0-9()#&amp;+*-=.]+\" title=\"Seuls les caract\u00e8res de num\u00e9ros de t\u00e9l\u00e9phone (#, -, *, etc.) sont accept\u00e9s.\">\n\n\t\t\t\t\t\t<\/div>\n\t\t\t\t\t\t\t\t<div class=\"elementor-field-type-email elementor-field-group elementor-column elementor-field-group-email elementor-col-100 elementor-field-required\">\n\t\t\t\t\t\t\t\t\t\t\t\t\t<input size=\"1\" type=\"email\" name=\"form_fields[email]\" id=\"form-field-email\" class=\"elementor-field elementor-size-md  elementor-field-textual\" placeholder=\"Entrez le courriel*\" required=\"required\">\n\t\t\t\t\t\t\t\t\t\t\t<\/div>\n\t\t\t\t\t\t\t\t<div class=\"elementor-field-type-checkbox elementor-field-group elementor-column elementor-field-group-field_841d0a8 elementor-col-100\">\n\t\t\t\t\t\t\t\t\t\t\t\t<label for=\"form-field-field_841d0a8\" class=\"elementor-field-label\">\n\t\t\t\t\t\t\t\tProgramme d\u2019int\u00e9r\u00eat\t\t\t\t\t\t\t<\/label>\n\t\t\t\t\t\t<div class=\"elementor-field-subgroup  elementor-subgroup-inline\"><span class=\"elementor-field-option\"><input type=\"checkbox\" value=\"Lancement de carri\u00e8re\" id=\"form-field-field_841d0a8-0\" name=\"form_fields[field_841d0a8][]\"> <label for=\"form-field-field_841d0a8-0\">Lancement de carri\u00e8re<\/label><\/span><span class=\"elementor-field-option\"><input type=\"checkbox\" value=\"Progression de carri\u00e8re\" id=\"form-field-field_841d0a8-1\" name=\"form_fields[field_841d0a8][]\"> <label for=\"form-field-field_841d0a8-1\">Progression de carri\u00e8re<\/label><\/span><span class=\"elementor-field-option\"><input type=\"checkbox\" value=\"Cyberclub\" id=\"form-field-field_841d0a8-2\" name=\"form_fields[field_841d0a8][]\"> <label for=\"form-field-field_841d0a8-2\">Cyberclub<\/label><\/span><\/div>\t\t\t\t<\/div>\n\t\t\t\t\t\t\t\t<div class=\"elementor-field-type-textarea elementor-field-group elementor-column elementor-field-group-field_f4b760a elementor-col-100 elementor-field-required\">\n\t\t\t\t\t<textarea class=\"elementor-field-textual elementor-field  elementor-size-md\" name=\"form_fields[field_f4b760a]\" id=\"form-field-field_f4b760a\" rows=\"4\" placeholder=\"Message*\" required=\"required\"><\/textarea>\t\t\t\t<\/div>\n\t\t\t\t\t\t\t\t<div class=\"elementor-field-type-recaptcha_v3 elementor-field-group elementor-column elementor-field-group-field_80242e0 elementor-col-100 recaptcha_v3-bottomright\">\n\t\t\t\t\t<div class=\"elementor-field\" id=\"form-field-field_80242e0\"><div class=\"elementor-g-recaptcha\" data-sitekey=\"6LfCVL0pAAAAAFcGWCp6QcOXyg64ZEpSPzptkrUA\" data-type=\"v3\" data-action=\"Form\" data-badge=\"bottomright\" data-size=\"invisible\"><\/div><\/div>\t\t\t\t<\/div>\n\t\t\t\t\t\t\t\t<div class=\"elementor-field-group elementor-column elementor-field-type-submit elementor-col-100 e-form__buttons\">\n\t\t\t\t\t<button class=\"elementor-button elementor-size-sm\" type=\"submit\">\n\t\t\t\t\t\t<span class=\"elementor-button-content-wrapper\">\n\t\t\t\t\t\t\t\t\t\t\t\t\t\t\t\t\t\t\t\t\t\t<span class=\"elementor-button-text\">Envoyer<\/span>\n\t\t\t\t\t\t\t\t\t\t\t\t\t<\/span>\n\t\t\t\t\t<\/button>\n\t\t\t\t<\/div>\n\t\t\t<\/div>\n\t\t<\/form>\n\t\t\t\t\t\t<\/div>\n\t\t\t\t<\/div>\n\t\t\t\t<\/div>\n\t\t<div class=\"elementor-element elementor-element-31e6926 e-con-full elementor-hidden-tablet elementor-hidden-mobile e-flex e-con e-child\" data-id=\"31e6926\" data-element_type=\"container\" data-e-type=\"container\">\n\t\t\t\t<div class=\"elementor-element elementor-element-ce1d8af elementor-widget__width-initial elementor-widget elementor-widget-image\" data-id=\"ce1d8af\" data-element_type=\"widget\" data-e-type=\"widget\" data-widget_type=\"image.default\">\n\t\t\t\t<div class=\"elementor-widget-container\">\n\t\t\t\t\t\t\t\t\t\t\t\t\t\t\t<img fetchpriority=\"high\" decoding=\"async\" width=\"500\" height=\"500\" src=\"https:\/\/digitp.ca\/wp-content\/uploads\/2024\/01\/DIGITP_Brand_Butterfly.svg\" class=\"attachment-large size-large wp-image-1818\" alt=\"\" \/>\t\t\t\t\t\t\t\t\t\t\t\t\t\t\t<\/div>\n\t\t\t\t<\/div>\n\t\t\t\t<\/div>\n\t\t\t\t\t<\/div>\n\t\t\t\t<\/div>\n\t\t\t\t<\/div>\n\t\t","protected":false},"excerpt":{"rendered":"<p>Contactez-nous pour d\u00e9marrer Prenez des mesures et inscrivez-vous \u00e0 nos programmes d\u00e8s aujourd\u2019hui pour favoriser vos r\u00e9alisations dans votre carri\u00e8re!<\/p>\n","protected":false},"author":7,"featured_media":1818,"parent":0,"menu_order":0,"comment_status":"closed","ping_status":"closed","template":"","meta":{"_price":"","_stock":"","_tribe_ticket_header":"","_tribe_default_ticket_provider":"","_tribe_ticket_capacity":"0","_ticket_start_date":"","_ticket_end_date":"","_tribe_ticket_show_description":"","_tribe_ticket_show_not_going":false,"_tribe_ticket_use_global_stock":"","_tribe_ticket_global_stock_level":"","_global_stock_mode":"","_global_stock_cap":"","_tribe_rsvp_for_event":"","_tribe_ticket_going_count":"","_tribe_ticket_not_going_count":"","_tribe_tickets_list":"[]","_tribe_ticket_has_attendee_info_fields":false,"footnotes":"","_tec_slr_enabled":"","_tec_slr_layout":""},"class_list":["post-1900","page","type-page","status-publish","has-post-thumbnail","hentry"],"yoast_head":"<!-- This site is optimized with the Yoast SEO plugin v27.2 - https:\/\/yoast.com\/product\/yoast-seo-wordpress\/ -->\n<title>Nous contacter - Digital Transformation Program<\/title>\n<meta name=\"description\" content=\"Prenez des mesures et inscrivez-vous \u00e0 nos programmes d\u00e8s aujourd\u2019hui pour favoriser vos r\u00e9alisations dans votre carri\u00e8re! Entrez votre nom, votre num\u00e9ro de t\u00e9l\u00e9phone, votre courriel et votre programme.\" \/>\n<meta name=\"robots\" content=\"index, follow, max-snippet:-1, max-image-preview:large, max-video-preview:-1\" \/>\n<link rel=\"canonical\" href=\"https:\/\/digitp.ca\/fr\/contact-us\/\" \/>\n<meta property=\"og:locale\" content=\"fr_CA\" \/>\n<meta property=\"og:type\" content=\"article\" \/>\n<meta property=\"og:title\" content=\"Nous contacter - Digital Transformation Program\" \/>\n<meta property=\"og:description\" content=\"Prenez des mesures et inscrivez-vous \u00e0 nos programmes d\u00e8s aujourd\u2019hui pour favoriser vos r\u00e9alisations dans votre carri\u00e8re! Entrez votre nom, votre num\u00e9ro de t\u00e9l\u00e9phone, votre courriel et votre programme.\" \/>\n<meta property=\"og:url\" content=\"https:\/\/digitp.ca\/fr\/contact-us\/\" \/>\n<meta property=\"og:site_name\" content=\"Digital Transformation Program\" \/>\n<meta property=\"article:modified_time\" content=\"2024-08-21T14:28:06+00:00\" \/>\n<meta name=\"twitter:card\" content=\"summary_large_image\" \/>\n<script type=\"application\/ld+json\" class=\"yoast-schema-graph\">{\"@context\":\"https:\/\/schema.org\",\"@graph\":[{\"@type\":\"WebPage\",\"@id\":\"https:\/\/digitp.ca\/fr\/contact-us\/\",\"url\":\"https:\/\/digitp.ca\/fr\/contact-us\/\",\"name\":\"Nous contacter - Digital Transformation Program\",\"isPartOf\":{\"@id\":\"https:\/\/digitp.ca\/fr\/#website\"},\"primaryImageOfPage\":{\"@id\":\"https:\/\/digitp.ca\/fr\/contact-us\/#primaryimage\"},\"image\":{\"@id\":\"https:\/\/digitp.ca\/fr\/contact-us\/#primaryimage\"},\"thumbnailUrl\":\"https:\/\/digitp.ca\/wp-content\/uploads\/2024\/01\/DIGITP_Brand_Butterfly.svg\",\"datePublished\":\"2024-02-22T14:30:05+00:00\",\"dateModified\":\"2024-08-21T14:28:06+00:00\",\"description\":\"Prenez des mesures et inscrivez-vous \u00e0 nos programmes d\u00e8s aujourd\u2019hui pour favoriser vos r\u00e9alisations dans votre carri\u00e8re! Entrez votre nom, votre num\u00e9ro de t\u00e9l\u00e9phone, votre courriel et votre programme.\",\"breadcrumb\":{\"@id\":\"https:\/\/digitp.ca\/fr\/contact-us\/#breadcrumb\"},\"inLanguage\":\"fr-CA\",\"potentialAction\":[{\"@type\":\"ReadAction\",\"target\":[\"https:\/\/digitp.ca\/fr\/contact-us\/\"]}]},{\"@type\":\"ImageObject\",\"inLanguage\":\"fr-CA\",\"@id\":\"https:\/\/digitp.ca\/fr\/contact-us\/#primaryimage\",\"url\":\"https:\/\/digitp.ca\/wp-content\/uploads\/2024\/01\/DIGITP_Brand_Butterfly.svg\",\"contentUrl\":\"https:\/\/digitp.ca\/wp-content\/uploads\/2024\/01\/DIGITP_Brand_Butterfly.svg\",\"width\":500,\"height\":500},{\"@type\":\"BreadcrumbList\",\"@id\":\"https:\/\/digitp.ca\/fr\/contact-us\/#breadcrumb\",\"itemListElement\":[{\"@type\":\"ListItem\",\"position\":1,\"name\":\"Home\",\"item\":\"https:\/\/digitp.ca\/fr\/\"},{\"@type\":\"ListItem\",\"position\":2,\"name\":\"Nous contacter\"}]},{\"@type\":\"WebSite\",\"@id\":\"https:\/\/digitp.ca\/fr\/#website\",\"url\":\"https:\/\/digitp.ca\/fr\/\",\"name\":\"Digital Transformation Program\",\"description\":\"\",\"publisher\":{\"@id\":\"https:\/\/digitp.ca\/fr\/#organization\"},\"potentialAction\":[{\"@type\":\"SearchAction\",\"target\":{\"@type\":\"EntryPoint\",\"urlTemplate\":\"https:\/\/digitp.ca\/fr\/?s={search_term_string}\"},\"query-input\":{\"@type\":\"PropertyValueSpecification\",\"valueRequired\":true,\"valueName\":\"search_term_string\"}}],\"inLanguage\":\"fr-CA\"},{\"@type\":\"Organization\",\"@id\":\"https:\/\/digitp.ca\/fr\/#organization\",\"name\":\"Digital Transformation Program\",\"url\":\"https:\/\/digitp.ca\/fr\/\",\"logo\":{\"@type\":\"ImageObject\",\"inLanguage\":\"fr-CA\",\"@id\":\"https:\/\/digitp.ca\/fr\/#\/schema\/logo\/image\/\",\"url\":\"https:\/\/digitp.ca\/wp-content\/uploads\/2023\/12\/Digital_FullColour@2x-1.png\",\"contentUrl\":\"https:\/\/digitp.ca\/wp-content\/uploads\/2023\/12\/Digital_FullColour@2x-1.png\",\"width\":1000,\"height\":1000,\"caption\":\"Digital Transformation Program\"},\"image\":{\"@id\":\"https:\/\/digitp.ca\/fr\/#\/schema\/logo\/image\/\"}}]}<\/script>\n<!-- \/ Yoast SEO plugin. -->","yoast_head_json":{"title":"Nous contacter - Digital Transformation Program","description":"Prenez des mesures et inscrivez-vous \u00e0 nos programmes d\u00e8s aujourd\u2019hui pour favoriser vos r\u00e9alisations dans votre carri\u00e8re! Entrez votre nom, votre num\u00e9ro de t\u00e9l\u00e9phone, votre courriel et votre programme.","robots":{"index":"index","follow":"follow","max-snippet":"max-snippet:-1","max-image-preview":"max-image-preview:large","max-video-preview":"max-video-preview:-1"},"canonical":"https:\/\/digitp.ca\/fr\/contact-us\/","og_locale":"fr_CA","og_type":"article","og_title":"Nous contacter - Digital Transformation Program","og_description":"Prenez des mesures et inscrivez-vous \u00e0 nos programmes d\u00e8s aujourd\u2019hui pour favoriser vos r\u00e9alisations dans votre carri\u00e8re! Entrez votre nom, votre num\u00e9ro de t\u00e9l\u00e9phone, votre courriel et votre programme.","og_url":"https:\/\/digitp.ca\/fr\/contact-us\/","og_site_name":"Digital Transformation Program","article_modified_time":"2024-08-21T14:28:06+00:00","twitter_card":"summary_large_image","schema":{"@context":"https:\/\/schema.org","@graph":[{"@type":"WebPage","@id":"https:\/\/digitp.ca\/fr\/contact-us\/","url":"https:\/\/digitp.ca\/fr\/contact-us\/","name":"Nous contacter - Digital Transformation Program","isPartOf":{"@id":"https:\/\/digitp.ca\/fr\/#website"},"primaryImageOfPage":{"@id":"https:\/\/digitp.ca\/fr\/contact-us\/#primaryimage"},"image":{"@id":"https:\/\/digitp.ca\/fr\/contact-us\/#primaryimage"},"thumbnailUrl":"https:\/\/digitp.ca\/wp-content\/uploads\/2024\/01\/DIGITP_Brand_Butterfly.svg","datePublished":"2024-02-22T14:30:05+00:00","dateModified":"2024-08-21T14:28:06+00:00","description":"Prenez des mesures et inscrivez-vous \u00e0 nos programmes d\u00e8s aujourd\u2019hui pour favoriser vos r\u00e9alisations dans votre carri\u00e8re! Entrez votre nom, votre num\u00e9ro de t\u00e9l\u00e9phone, votre courriel et votre programme.","breadcrumb":{"@id":"https:\/\/digitp.ca\/fr\/contact-us\/#breadcrumb"},"inLanguage":"fr-CA","potentialAction":[{"@type":"ReadAction","target":["https:\/\/digitp.ca\/fr\/contact-us\/"]}]},{"@type":"ImageObject","inLanguage":"fr-CA","@id":"https:\/\/digitp.ca\/fr\/contact-us\/#primaryimage","url":"https:\/\/digitp.ca\/wp-content\/uploads\/2024\/01\/DIGITP_Brand_Butterfly.svg","contentUrl":"https:\/\/digitp.ca\/wp-content\/uploads\/2024\/01\/DIGITP_Brand_Butterfly.svg","width":500,"height":500},{"@type":"BreadcrumbList","@id":"https:\/\/digitp.ca\/fr\/contact-us\/#breadcrumb","itemListElement":[{"@type":"ListItem","position":1,"name":"Home","item":"https:\/\/digitp.ca\/fr\/"},{"@type":"ListItem","position":2,"name":"Nous contacter"}]},{"@type":"WebSite","@id":"https:\/\/digitp.ca\/fr\/#website","url":"https:\/\/digitp.ca\/fr\/","name":"Digital Transformation Program","description":"","publisher":{"@id":"https:\/\/digitp.ca\/fr\/#organization"},"potentialAction":[{"@type":"SearchAction","target":{"@type":"EntryPoint","urlTemplate":"https:\/\/digitp.ca\/fr\/?s={search_term_string}"},"query-input":{"@type":"PropertyValueSpecification","valueRequired":true,"valueName":"search_term_string"}}],"inLanguage":"fr-CA"},{"@type":"Organization","@id":"https:\/\/digitp.ca\/fr\/#organization","name":"Digital Transformation Program","url":"https:\/\/digitp.ca\/fr\/","logo":{"@type":"ImageObject","inLanguage":"fr-CA","@id":"https:\/\/digitp.ca\/fr\/#\/schema\/logo\/image\/","url":"https:\/\/digitp.ca\/wp-content\/uploads\/2023\/12\/Digital_FullColour@2x-1.png","contentUrl":"https:\/\/digitp.ca\/wp-content\/uploads\/2023\/12\/Digital_FullColour@2x-1.png","width":1000,"height":1000,"caption":"Digital Transformation Program"},"image":{"@id":"https:\/\/digitp.ca\/fr\/#\/schema\/logo\/image\/"}}]}},"jetpack_sharing_enabled":true,"ticketed":false,"_links":{"self":[{"href":"https:\/\/digitp.ca\/fr\/wp-json\/wp\/v2\/pages\/1900","targetHints":{"allow":["GET"]}}],"collection":[{"href":"https:\/\/digitp.ca\/fr\/wp-json\/wp\/v2\/pages"}],"about":[{"href":"https:\/\/digitp.ca\/fr\/wp-json\/wp\/v2\/types\/page"}],"author":[{"embeddable":true,"href":"https:\/\/digitp.ca\/fr\/wp-json\/wp\/v2\/users\/7"}],"replies":[{"embeddable":true,"href":"https:\/\/digitp.ca\/fr\/wp-json\/wp\/v2\/comments?post=1900"}],"version-history":[{"count":0,"href":"https:\/\/digitp.ca\/fr\/wp-json\/wp\/v2\/pages\/1900\/revisions"}],"wp:featuredmedia":[{"embeddable":true,"href":"https:\/\/digitp.ca\/fr\/wp-json\/wp\/v2\/media\/1818"}],"wp:attachment":[{"href":"https:\/\/digitp.ca\/fr\/wp-json\/wp\/v2\/media?parent=1900"}],"curies":[{"name":"wp","href":"https:\/\/api.w.org\/{rel}","templated":true}]}}